{"id":44,"date":"2015-12-11T01:08:32","date_gmt":"2015-12-11T00:08:32","guid":{"rendered":"http:\/\/marion-kaza.de\/?page_id=44"},"modified":"2017-01-06T01:15:09","modified_gmt":"2017-01-06T00:15:09","slug":"start","status":"publish","type":"page","link":"https:\/\/marion-kaza.de\/","title":{"rendered":"Start"},"content":{"rendered":"<h2>Willkommen auf meiner Website<\/h2>\n<h3>Hier erfahren Sie mehr \u00fcber die griechische Insel Thassos und den Ort Kazaviti.<\/h3>\n<h3>Sie haben die M\u00f6glichkeit in einem der urspr\u00fcnglichsten D\u00f6rfer der Insel Ihren Urlaub zu verbringen. Mein Haus am Rande des Dorfes, mit sch\u00f6nem Garten und privatem Ambiente, bietet ihnen diese M\u00f6glichkeit.<\/h3>\n<h3>Das Dorf Kazaviti liegt in den Bergen, aber nur 5 km vom Strand entfernt und bietet somit den idealen Ausgangspunkt f\u00fcr Wanderungen und Badeurlaub.<\/h3>\n<h3>N\u00e4heres auf den folgenden Seiten\u00a0 und\u00a0 Aktuelle Info.<\/h3>\n<h3>Ihre Marion<\/h3>\n","protected":false},"excerpt":{"rendered":"<p>Willkommen auf meiner Website Hier erfahren Sie mehr \u00fcber die griechische Insel Thassos und den Ort Kazaviti. Sie haben die M\u00f6glichkeit in einem der urspr\u00fcnglichsten D\u00f6rfer der Insel Ihren Urlaub zu verbringen. Mein Haus am Rande des Dorfes, mit sch\u00f6nem &hellip; <a href=\"https:\/\/marion-kaza.de\/\">Weiterlesen <span class=\"meta-nav\">&rarr;<\/span><\/a><\/p>\n","protected":false},"author":1,"featured_media":0,"parent":0,"menu_order":1,"comment_status":"closed","ping_status":"closed","template":"onecolumn-page.php","meta":[],"_links":{"self":[{"href":"https:\/\/marion-kaza.de\/index.php?rest_route=\/wp\/v2\/pages\/44"}],"collection":[{"href":"https:\/\/marion-kaza.de\/index.php?rest_route=\/wp\/v2\/pages"}],"about":[{"href":"https:\/\/marion-kaza.de\/index.php?rest_route=\/wp\/v2\/types\/page"}],"author":[{"embeddable":true,"href":"https:\/\/marion-kaza.de\/index.php?rest_route=\/wp\/v2\/users\/1"}],"replies":[{"embeddable":true,"href":"https:\/\/marion-kaza.de\/index.php?rest_route=%2Fwp%2Fv2%2Fcomments&post=44"}],"version-history":[{"count":24,"href":"https:\/\/marion-kaza.de\/index.php?rest_route=\/wp\/v2\/pages\/44\/revisions"}],"predecessor-version":[{"id":554,"href":"https:\/\/marion-kaza.de\/index.php?rest_route=\/wp\/v2\/pages\/44\/revisions\/554"}],"wp:attachment":[{"href":"https:\/\/marion-kaza.de\/index.php?rest_route=%2Fwp%2Fv2%2Fmedia&parent=44"}],"curies":[{"name":"wp","href":"https:\/\/api.w.org\/{rel}","templated":true}]}}