{"id":475,"date":"2016-01-05T23:22:56","date_gmt":"2016-01-05T22:22:56","guid":{"rendered":"http:\/\/marion-kaza.de\/?page_id=475"},"modified":"2019-02-02T15:53:51","modified_gmt":"2019-02-02T14:53:51","slug":"impressum","status":"publish","type":"page","link":"https:\/\/marion-kaza.de\/?page_id=475","title":{"rendered":"Impressum"},"content":{"rendered":"<p>Marion Thiel \u2013 Blankenburg<br \/>\nD 14169 Berlin<br \/>\nSch\u00fctzallee 9<br \/>\nTel.: 0151 27 50 58 43<\/p>\n<p><a href=\"http:\/\/marion-kaza.de\/wp-content\/uploads\/2018\/09\/datenschutz.pdf\">Datenschutzerkl\u00e4rung<\/a><\/p>\n<p>Wir halten uns an die aktuelle Datenschutzverordnung. Personenbezogene Daten werden nicht weitergegeben; nicht gespeichert, au\u00dfer f\u00fcr die gew\u00fcnschte Kontaktaufnahme.<\/p>\n<p>Siehe oben Datenschutzerkl\u00e4rung <\/p>\n","protected":false},"excerpt":{"rendered":"<p>Marion Thiel \u2013 Blankenburg D 14169 Berlin Sch\u00fctzallee 9 Tel.: 0151 27 50 58 43 Datenschutzerkl\u00e4rung Wir halten uns an die aktuelle Datenschutzverordnung. Personenbezogene Daten werden nicht weitergegeben; nicht gespeichert, au\u00dfer f\u00fcr die gew\u00fcnschte Kontaktaufnahme. Siehe oben Datenschutzerkl\u00e4rung<\/p>\n","protected":false},"author":1,"featured_media":0,"parent":0,"menu_order":5,"comment_status":"closed","ping_status":"closed","template":"onecolumn-page.php","meta":[],"_links":{"self":[{"href":"https:\/\/marion-kaza.de\/index.php?rest_route=\/wp\/v2\/pages\/475"}],"collection":[{"href":"https:\/\/marion-kaza.de\/index.php?rest_route=\/wp\/v2\/pages"}],"about":[{"href":"https:\/\/marion-kaza.de\/index.php?rest_route=\/wp\/v2\/types\/page"}],"author":[{"embeddable":true,"href":"https:\/\/marion-kaza.de\/index.php?rest_route=\/wp\/v2\/users\/1"}],"replies":[{"embeddable":true,"href":"https:\/\/marion-kaza.de\/index.php?rest_route=%2Fwp%2Fv2%2Fcomments&post=475"}],"version-history":[{"count":7,"href":"https:\/\/marion-kaza.de\/index.php?rest_route=\/wp\/v2\/pages\/475\/revisions"}],"predecessor-version":[{"id":595,"href":"https:\/\/marion-kaza.de\/index.php?rest_route=\/wp\/v2\/pages\/475\/revisions\/595"}],"wp:attachment":[{"href":"https:\/\/marion-kaza.de\/index.php?rest_route=%2Fwp%2Fv2%2Fmedia&parent=475"}],"curies":[{"name":"wp","href":"https:\/\/api.w.org\/{rel}","templated":true}]}}